{"id":114,"date":"2025-07-14T22:04:30","date_gmt":"2025-07-14T20:04:30","guid":{"rendered":"https:\/\/www.ubezpieczeniaspoleczne.pwr.edu.pl\/?page_id=114"},"modified":"2025-08-02T14:51:05","modified_gmt":"2025-08-02T12:51:05","slug":"114-2","status":"publish","type":"page","link":"https:\/\/www.ubezpieczeniaspoleczne.pwr.edu.pl\/?page_id=114","title":{"rendered":"ZAPISY"},"content":{"rendered":"<div class=\"wp-block-group\" style=\"margin-top:0;margin-bottom:0;padding-top:0px;padding-right:0px;padding-bottom:0px;padding-left:0px\">\n\n\n<div class=\"wp-block-cover\" style=\"padding-top:80px;padding-right:20px;padding-bottom:80px;padding-left:20px;min-height:650px;aspect-ratio:unset;\"><img decoding=\"async\" class=\"wp-block-cover__image-background wp-image-1182\" alt=\"\" src=\"https:\/\/www.ubezpieczeniaspoleczne.pwr.edu.pl\/wp-content\/themes\/agencyflow\/assets\/images\/banner.jpg\" data-object-fit=\"cover\"\/><span aria-hidden=\"true\" class=\"wp-block-cover__background has-background-dim\" style=\"background-color:#002b59\"><\/span><div class=\"wp-block-cover__inner-container has-global-padding is-layout-constrained wp-container-core-cover-is-layout-89cd2dc7 wp-block-cover-is-layout-constrained\">\n<div class=\"wp-block-columns are-vertically-aligned-center is-layout-flex wp-container-core-columns-is-layout-ec2e7a44 wp-block-columns-is-layout-flex\" style=\"padding-top:0;padding-bottom:0\">\n<div class=\"wp-block-column is-vertically-aligned-center is-layout-flow wp-block-column-is-layout-flow\" style=\"padding-top:40px;padding-bottom:40px\">\n<h1 class=\"wp-block-heading has-base-2-color has-text-color has-link-color wp-elements-2cd34c6254d1cea2ffaf475a8bc0eb24\" style=\"font-size:clamp(31.609px, 1.976rem + ((1vw - 3.2px) * 2.975), 56px);\">Smart Solutions for a Brighter Future.<\/h1>\n\n\n\n<p class=\"has-base-2-color has-text-color has-link-color wp-elements-67d5fe422f11951a2c3e2f6b670e99c1\" style=\"margin-top:0;margin-bottom:0;padding-top:28px;padding-bottom:28px\">Massa maecenas litora sit tortor facilisi eget dictum tristique curabitur aliquam facilisis mus tellus platea dapibus commodo magna aliquet integer praesent volutpat letius ac elementum lectus<\/p>\n\n\n\n<div class=\"wp-block-buttons is-layout-flex wp-container-core-buttons-is-layout-7acb3391 wp-block-buttons-is-layout-flex\" style=\"margin-top:0;margin-bottom:0\">\n<div class=\"wp-block-button is-style-fill\"><a class=\"wp-block-button__link has-button-hover-color-background-color has-background wp-element-button\" href=\"https:\/\/www.ubezpieczeniaspoleczne.pwr.edu.pl\/wp-content\/uploads\/2025\/07\/wniosek_aplikacyjny_aip_pwr-2025.doc\">Wniosek aplikacyjny<\/a><\/div>\n\n\n\n<div class=\"wp-block-button is-style-outline is-style-outline--1\"><a class=\"wp-block-button__link has-base-2-color has-text-color has-link-color has-border-color has-base-2-border-color wp-element-button\" href=\"https:\/\/www.ubezpieczeniaspoleczne.pwr.edu.pl\/wp-content\/uploads\/2025\/07\/knus_statut.pdf\">Statut<\/a><\/div>\n\n\n\n<div class=\"wp-block-button is-style-outline is-style-outline--2\"><a class=\"wp-block-button__link has-base-2-color has-text-color has-link-color has-border-color has-base-2-border-color wp-element-button\" href=\"mailto:malgorzata.rutkowska-podolowska@pwr.edu.pl?subject=Zg\u0142oszenie%20do%20Ko\u0142a%20Naukowego%20Ubezpiecze\u0144%20Spo\u0142ecznych&amp;body=Dzie%C5%84%20dobry%2C%0A%0ASzanowna%20Pani%20Profesor%2C%0AChcia%C5%82bym%2Fa%20si%C4%99%20zapisa%C4%87%20do%20Ko%C5%82a%20Naukowego%20Ubezpiecze%C5%84%20Spo%C5%82ecznych.%0A%0A*za%C5%82%C4%85cz%20plik*%0A%0AZ%20powa%C5%BCaniem%2C%0AImi%C4%99%20i%20nazwisko\" target=\"_blank\" rel=\"noreferrer noopener\">\n    <img decoding=\"async\" src=\"https:\/\/img.icons8.com\/ios-filled\/50\/ffffff\/new-post.png\" alt=\"Wy\u015blij maila\" style=\"height:24px;vertical-align:middle;margin-right:8px;\">\n    Wy\u015blij zg\u0142oszenie\n  <\/a><\/div>\n\n\n\n<div class=\"wp-block-column is-vertically-aligned-center is-layout-flow wp-block-column-is-layout-flow\"><\/div>\n<\/div>\n<\/div>\n<\/div>\n<\/div><\/div>\n","protected":false},"excerpt":{"rendered":"","protected":false},"author":1,"featured_media":0,"parent":0,"menu_order":0,"comment_status":"closed","ping_status":"closed","template":"","meta":{"_EventAllDay":false,"_EventTimezone":"","_EventStartDate":"","_EventEndDate":"","_EventStartDateUTC":"","_EventEndDateUTC":"","_EventShowMap":false,"_EventShowMapLink":false,"_EventURL":"","_EventCost":"","_EventCostDescription":"","_EventCurrencySymbol":"","_EventCurrencyCode":"","_EventCurrencyPosition":"","_EventDateTimeSeparator":"","_EventTimeRangeSeparator":"","_EventOrganizerID":[],"_EventVenueID":[],"_OrganizerEmail":"","_OrganizerPhone":"","_OrganizerWebsite":"","_VenueAddress":"","_VenueCity":"","_VenueCountry":"","_VenueProvince":"","_VenueState":"","_VenueZip":"","_VenuePhone":"","_VenueURL":"","_VenueStateProvince":"","_VenueLat":"","_VenueLng":"","_VenueShowMap":false,"_VenueShowMapLink":false,"footnotes":""},"class_list":["post-114","page","type-page","status-publish","hentry"],"_links":{"self":[{"href":"https:\/\/www.ubezpieczeniaspoleczne.pwr.edu.pl\/index.php?rest_route=\/wp\/v2\/pages\/114","targetHints":{"allow":["GET"]}}],"collection":[{"href":"https:\/\/www.ubezpieczeniaspoleczne.pwr.edu.pl\/index.php?rest_route=\/wp\/v2\/pages"}],"about":[{"href":"https:\/\/www.ubezpieczeniaspoleczne.pwr.edu.pl\/index.php?rest_route=\/wp\/v2\/types\/page"}],"author":[{"embeddable":true,"href":"https:\/\/www.ubezpieczeniaspoleczne.pwr.edu.pl\/index.php?rest_route=\/wp\/v2\/users\/1"}],"replies":[{"embeddable":true,"href":"https:\/\/www.ubezpieczeniaspoleczne.pwr.edu.pl\/index.php?rest_route=%2Fwp%2Fv2%2Fcomments&post=114"}],"version-history":[{"count":5,"href":"https:\/\/www.ubezpieczeniaspoleczne.pwr.edu.pl\/index.php?rest_route=\/wp\/v2\/pages\/114\/revisions"}],"predecessor-version":[{"id":161,"href":"https:\/\/www.ubezpieczeniaspoleczne.pwr.edu.pl\/index.php?rest_route=\/wp\/v2\/pages\/114\/revisions\/161"}],"wp:attachment":[{"href":"https:\/\/www.ubezpieczeniaspoleczne.pwr.edu.pl\/index.php?rest_route=%2Fwp%2Fv2%2Fmedia&parent=114"}],"curies":[{"name":"wp","href":"https:\/\/api.w.org\/{rel}","templated":true}]}}